{"id":263,"date":"2017-06-05T10:03:56","date_gmt":"2017-06-05T08:03:56","guid":{"rendered":"http:\/\/codeless.co\/folie\/blog-simple\/?page_id=5"},"modified":"2022-07-20T02:11:38","modified_gmt":"2022-07-20T00:11:38","slug":"unabhaengiger-blog","status":"publish","type":"page","link":"https:\/\/heiko-attinger.de\/detailreich\/","title":{"rendered":"Blog"},"content":{"rendered":"<div  style='padding-bottom:10px; margin:0 0 0 0; ' class='av-special-heading av-special-heading-h1  blockquote modern-quote modern-centered  avia-builder-el-0  el_before_av_textblock  avia-builder-el-first  '><h1 class='av-special-heading-tag '  itemprop=\"headline\"  >Inspiration f\u00fcr eine lebenswerte Zukunft<\/h1><div class='special-heading-border'><div class='special-heading-inner-border' ><\/div><\/div><\/div>\n<section class=\"av_textblock_section \"  itemscope=\"itemscope\" itemtype=\"https:\/\/schema.org\/CreativeWork\" ><div class='avia_textblock  '   itemprop=\"text\" ><h2 style=\"font-size: 1.4em; font-weight: 400; letter-spacing: 0em; text-align: center; text-transform: none;\">Die wichtigste aller Fragen, die jetzt beantwortet werden muss: <br class=\"mobile-hide\" \/><strong>&#8222;In was f\u00fcr einer Welt wollen wir leben?!&#8220;<\/strong><\/h2>\n<\/div><\/section>\n<div id='av-masonry-1' class='av-masonry  noHover av-flex-size av-large-gap av-hover-overlay-grayscale av-masonry-animation-active av-masonry-col-3 av-caption-always av-caption-style-    '  ><div class='av-masonry-container isotope av-js-disabled ' ><div class='av-masonry-entry isotope-item av-masonry-item-no-image '><\/div><a href=\"https:\/\/heiko-attinger.de\/detailreich\/strategien-fuer-die-energiewende\/\" id='av-masonry-1-item-2361' data-av-masonry-item='2361' class='av-masonry-entry isotope-item post-2361 post type-post status-publish format-standard has-post-thumbnail hentry category-energiewende category-gesellschaft category-news category-politik tag-agri-photovoltaik tag-ausbau-der-erneuerbaren-energien tag-bio-diversitaet tag-energiewende tag-lebenswerte-zukunft  av-masonry-item-with-image' title=\"AGRI-PV-Beitragsbild\"  itemscope=\"itemscope\" itemtype=\"https:\/\/schema.org\/CreativeWork\" ><div class='av-inner-masonry-sizer'><\/div><figure class='av-inner-masonry main_color'><div class=\"av-masonry-outerimage-container\"><div class=\"av-masonry-image-container\" ><img decoding=\"async\" src=\"https:\/\/heiko-attinger.de\/detailreich\/wp-content\/uploads\/2023\/06\/AGRI-PV-Beitragsbild-705x353.jpg\" title=\"AGRI-PV-Beitragsbild\" alt=\"\" \/><\/div><\/div><figcaption class='av-inner-masonry-content site-background'><div class='av-inner-masonry-content-pos'><div class='av-inner-masonry-content-pos-content'><div class='avia-arrow'><\/div><h3 class='av-masonry-entry-title entry-title '  itemprop=\"headline\" >Strategien f\u00fcr die Energiewende<\/h3><div class='av-masonry-entry-content entry-content'  itemprop=\"text\" >Kombinierte Land- & Energiewirtschaft erh\u00f6hen die Fl\u00e4chennutzungseffizienz...<\/div><span class='av-masonry-date meta-color updated'>18. Juni 2023<\/span><span class=\"av-masonry-text-sep text-sep-author\">\/<\/span><span class='av-masonry-author meta-color author'><span class='fn'>von Heiko Attinger<\/span><\/span><\/div><\/div><\/figcaption><\/figure><\/a><!--end av-masonry entry--><a href=\"https:\/\/heiko-attinger.de\/detailreich\/definition-von-fortschritt\/\" id='av-masonry-1-item-2316' data-av-masonry-item='2316' class='av-masonry-entry isotope-item post-2316 post type-post status-publish format-standard has-post-thumbnail hentry category-digitalisierung category-gesellschaft category-news category-politik tag-defintion-fortschritt tag-lebenswerte-zukunft tag-mensch-und-technik  av-masonry-item-with-image' title=\"Collage-Fortschritt-Wohin\"  itemscope=\"itemscope\" itemtype=\"https:\/\/schema.org\/CreativeWork\" ><div class='av-inner-masonry-sizer'><\/div><figure class='av-inner-masonry main_color'><div class=\"av-masonry-outerimage-container\"><div class=\"av-masonry-image-container\" ><img decoding=\"async\" src=\"https:\/\/heiko-attinger.de\/detailreich\/wp-content\/uploads\/2022\/07\/Collage-Fortschritt-Wohin-705x353.jpg\" title=\"Collage-Fortschritt-Wohin\" alt=\"\" \/><\/div><\/div><figcaption class='av-inner-masonry-content site-background'><div class='av-inner-masonry-content-pos'><div class='av-inner-masonry-content-pos-content'><div class='avia-arrow'><\/div><h3 class='av-masonry-entry-title entry-title '  itemprop=\"headline\" >Die neue Definition von Fortschritt<\/h3><div class='av-masonry-entry-content entry-content'  itemprop=\"text\" >Fortschritt?? Nur wohin?! Wir brauchen neue Ma\u00dfst\u00e4be und Ziele...<\/div><span class='av-masonry-date meta-color updated'>20. Juli 2022<\/span><span class=\"av-masonry-text-sep text-sep-author\">\/<\/span><span class='av-masonry-author meta-color author'><span class='fn'>von Heiko Attinger<\/span><\/span><\/div><\/div><\/figcaption><\/figure><\/a><!--end av-masonry entry--><a href=\"https:\/\/heiko-attinger.de\/detailreich\/der-ausweg-aus-der-krise-kreislaufwirtschaft\/\" id='av-masonry-1-item-2278' data-av-masonry-item='2278' class='av-masonry-entry isotope-item post-2278 post type-post status-publish format-standard has-post-thumbnail hentry category-allgemein category-gesellschaft category-politik tag-abhaengigkeit-reduzieren tag-energie-importe tag-kreislaufwirtschaft tag-nachhaltiges-wirtschaften tag-ressourcen-knappheit  av-masonry-item-with-image' title=\"Kreislaufwirtschaft\"  itemscope=\"itemscope\" itemtype=\"https:\/\/schema.org\/CreativeWork\" ><div class='av-inner-masonry-sizer'><\/div><figure class='av-inner-masonry main_color'><div class=\"av-masonry-outerimage-container\"><div class=\"av-masonry-image-container\" ><img decoding=\"async\" src=\"https:\/\/heiko-attinger.de\/detailreich\/wp-content\/uploads\/2022\/04\/Kreislaufwirtschaft-2-705x353.jpg\" title=\"Kreislaufwirtschaft\" alt=\"\" \/><\/div><\/div><figcaption class='av-inner-masonry-content site-background'><div class='av-inner-masonry-content-pos'><div class='av-inner-masonry-content-pos-content'><div class='avia-arrow'><\/div><h3 class='av-masonry-entry-title entry-title '  itemprop=\"headline\" >Der Ausweg aus der Krise: Kreislaufwirtschaft<\/h3><div class='av-masonry-entry-content entry-content'  itemprop=\"text\" >Die Natur verschwendet nichts, alles was vergeht ist Grundlage f\u00fcr Neues, das entsteht!<\/div><span class='av-masonry-date meta-color updated'>23. April 2022<\/span><span class=\"av-masonry-text-sep text-sep-author\">\/<\/span><span class='av-masonry-author meta-color author'><span class='fn'>von Heiko Attinger<\/span><\/span><\/div><\/div><\/figcaption><\/figure><\/a><!--end av-masonry entry--><a href=\"https:\/\/heiko-attinger.de\/detailreich\/der-irrtum-von-geld-zins-zinseszins\/\" id='av-masonry-1-item-2239' data-av-masonry-item='2239' class='av-masonry-entry isotope-item post-2239 post type-post status-publish format-standard has-post-thumbnail hentry category-allgemein category-gesellschaft category-politik tag-geldpolitik tag-zinssystem  av-masonry-item-with-image' title=\"Geld-bedrucktes-Papier\"  itemscope=\"itemscope\" itemtype=\"https:\/\/schema.org\/CreativeWork\" ><div class='av-inner-masonry-sizer'><\/div><figure class='av-inner-masonry main_color'><div class=\"av-masonry-outerimage-container\"><div class=\"av-masonry-image-container\" ><img decoding=\"async\" src=\"https:\/\/heiko-attinger.de\/detailreich\/wp-content\/uploads\/2021\/11\/Geld-bedrucktes-Papier-705x353.jpg\" title=\"Geld-bedrucktes-Papier\" alt=\"Geldstapel\" \/><\/div><\/div><figcaption class='av-inner-masonry-content site-background'><div class='av-inner-masonry-content-pos'><div class='av-inner-masonry-content-pos-content'><div class='avia-arrow'><\/div><h3 class='av-masonry-entry-title entry-title '  itemprop=\"headline\" >Der Irrtum von Geld, Zins &#038; Zinseszins<\/h3><div class='av-masonry-entry-content entry-content'  itemprop=\"text\" >Geld ist zun\u00e4chst einmal nur bedrucktes Papier... einen Wert bekommt es nur durch eine daran gekoppelte Wertsch\u00f6pfung...<\/div><span class='av-masonry-date meta-color updated'>29. November 2021<\/span><span class=\"av-masonry-text-sep text-sep-author\">\/<\/span><span class='av-masonry-author meta-color author'><span class='fn'>von Heiko Attinger<\/span><\/span><\/div><\/div><\/figcaption><\/figure><\/a><!--end av-masonry entry--><a href=\"https:\/\/heiko-attinger.de\/detailreich\/klimawandel-mikroplastik-muell-systemkrise\/\" id='av-masonry-1-item-2182' data-av-masonry-item='2182' class='av-masonry-entry isotope-item post-2182 post type-post status-publish format-standard has-post-thumbnail hentry category-allgemein category-gesellschaft category-politik  av-masonry-item-with-image' title=\"Collage-Ueberfluss\"  itemscope=\"itemscope\" itemtype=\"https:\/\/schema.org\/CreativeWork\" ><div class='av-inner-masonry-sizer'><\/div><figure class='av-inner-masonry main_color'><div class=\"av-masonry-outerimage-container\"><div class=\"av-masonry-image-container\" ><img decoding=\"async\" src=\"https:\/\/heiko-attinger.de\/detailreich\/wp-content\/uploads\/2021\/04\/Collage-Ueberfluss-705x353.jpg\" title=\"Collage-Ueberfluss\" alt=\"\" \/><\/div><\/div><figcaption class='av-inner-masonry-content site-background'><div class='av-inner-masonry-content-pos'><div class='av-inner-masonry-content-pos-content'><div class='avia-arrow'><\/div><h3 class='av-masonry-entry-title entry-title '  itemprop=\"headline\" >Klimawandel, Mikroplastik, M\u00fcllberge &#8211; unsere Systemkrise!<\/h3><div class='av-masonry-entry-content entry-content'  itemprop=\"text\" >Gesunde, nat\u00fcrliche Systeme haben immer Mechanismen, die sie bei Ungleichgewichten wieder in Einklang mit ihrem Lebensraum bringen. Dieser Mechanismus fehlt in unserem kapitalgesteuerten Wirtschaftssystem komplett...<\/div><span class='av-masonry-date meta-color updated'>26. April 2021<\/span><span class=\"av-masonry-text-sep text-sep-author\">\/<\/span><span class='av-masonry-author meta-color author'><span class='fn'>von Heiko Attinger<\/span><\/span><\/div><\/div><\/figcaption><\/figure><\/a><!--end av-masonry entry--><a href=\"https:\/\/heiko-attinger.de\/detailreich\/stand-up-for-your-rights-now\/\" id='av-masonry-1-item-2074' data-av-masonry-item='2074' class='av-masonry-entry isotope-item post-2074 post type-post status-publish format-standard has-post-thumbnail hentry category-allgemein category-digitalisierung category-ki category-politik  av-masonry-item-with-image' title=\"Stand-up4human-rights-NOW\"  itemscope=\"itemscope\" itemtype=\"https:\/\/schema.org\/CreativeWork\" ><div class='av-inner-masonry-sizer'><\/div><figure class='av-inner-masonry main_color'><div class=\"av-masonry-outerimage-container\"><div class=\"av-masonry-image-container\" ><img decoding=\"async\" src=\"https:\/\/heiko-attinger.de\/detailreich\/wp-content\/uploads\/2020\/04\/Stand-up4human-rights-NOW-705x353.jpg\" title=\"Stand-up4human-rights-NOW\" alt=\"\" \/><\/div><\/div><figcaption class='av-inner-masonry-content site-background'><div class='av-inner-masonry-content-pos'><div class='av-inner-masonry-content-pos-content'><div class='avia-arrow'><\/div><h3 class='av-masonry-entry-title entry-title '  itemprop=\"headline\" >In was f\u00fcr einer Welt wollen wir k\u00fcnftig leben?<\/h3><div class='av-masonry-entry-content entry-content'  itemprop=\"text\" >In was f\u00fcr einer Welt wollen wir k\u00fcnftig leben? Diese existenzielle Frage erfordert, dass sich jetzt m\u00f6glichst viele Menschen kritisch mit den Entwicklungen im Bereich KI befassen...<\/div><span class='av-masonry-date meta-color updated'>25. April 2020<\/span><span class=\"av-masonry-text-sep text-sep-author\">\/<\/span><span class='av-masonry-author meta-color author'><span class='fn'>von Heiko Attinger<\/span><\/span><\/div><\/div><\/figcaption><\/figure><\/a><!--end av-masonry entry--><a href=\"https:\/\/heiko-attinger.de\/detailreich\/kuenstliche-intelligenz-ki-eine-gefahr-fuer-die-menschheit\/\" id='av-masonry-1-item-581' data-av-masonry-item='581' class='av-masonry-entry isotope-item post-581 post type-post status-publish format-standard has-post-thumbnail hentry category-digitalisierung category-politik tag-artifical-intelligence tag-ki tag-ki-forschung tag-kuenstliche-intelligenz tag-stopp-ki  av-masonry-item-with-image' title=\"Say-No2Ai\"  itemscope=\"itemscope\" itemtype=\"https:\/\/schema.org\/CreativeWork\" ><div class='av-inner-masonry-sizer'><\/div><figure class='av-inner-masonry main_color'><div class=\"av-masonry-outerimage-container\"><div class=\"av-masonry-image-container\" ><img decoding=\"async\" src=\"https:\/\/heiko-attinger.de\/detailreich\/wp-content\/uploads\/2018\/04\/Say-No2Ai.jpg\" title=\"Say-No2Ai\" alt=\"K\u00fcnstliche Intelligenz - Say NO!\" \/><\/div><\/div><figcaption class='av-inner-masonry-content site-background'><div class='av-inner-masonry-content-pos'><div class='av-inner-masonry-content-pos-content'><div class='avia-arrow'><\/div><h3 class='av-masonry-entry-title entry-title '  itemprop=\"headline\" >K\u00fcnstliche Intelligenz &#8211; gef\u00e4hrlicher als die Atombombe<\/h3><div class='av-masonry-entry-content entry-content'  itemprop=\"text\" >Es ist dringend an der Zeit, dass Forschungen und Entwicklungen im Bereich K\u00fcnstliche Intelligenz (KI) kritisch hinterfragt werden, denn sie bedrohen die menschliche Lebensgrundlage und sind ab einem gewissen Punkt nicht mehr kontrollierbar...<\/div><span class='av-masonry-date meta-color updated'>22. April 2018<\/span><span class=\"av-masonry-text-sep text-sep-author\">\/<\/span><span class='av-masonry-author meta-color author'><span class='fn'>von Heiko Attinger<\/span><\/span><\/div><\/div><\/figcaption><\/figure><\/a><!--end av-masonry entry--><a href=\"https:\/\/heiko-attinger.de\/detailreich\/klimawandel\/\" id='av-masonry-1-item-525' data-av-masonry-item='525' class='av-masonry-entry isotope-item post-525 post type-post status-publish format-standard has-post-thumbnail hentry category-allgemein category-politik tag-co2 tag-co2-emission tag-cop tag-globale-erderwaermung tag-klima tag-klimawandel tag-treibhausgase  av-masonry-item-with-image' title=\"Planet-Erde\"  itemscope=\"itemscope\" itemtype=\"https:\/\/schema.org\/CreativeWork\" ><div class='av-inner-masonry-sizer'><\/div><figure class='av-inner-masonry main_color'><div class=\"av-masonry-outerimage-container\"><div class=\"av-masonry-image-container\" ><img decoding=\"async\" src=\"https:\/\/heiko-attinger.de\/detailreich\/wp-content\/uploads\/2017\/12\/Planet-Erde.jpg\" title=\"Planet-Erde\" alt=\"\" \/><\/div><\/div><figcaption class='av-inner-masonry-content site-background'><div class='av-inner-masonry-content-pos'><div class='av-inner-masonry-content-pos-content'><div class='avia-arrow'><\/div><h3 class='av-masonry-entry-title entry-title '  itemprop=\"headline\" >KLIMAWANDEL &#8211; ein Systemproblem<\/h3><div class='av-masonry-entry-content entry-content'  itemprop=\"text\" >Wir brauchen keine \u00d6ko-Ideologie und dogmatisierte Stimmungsmache, viel mehr braucht es jetzt endlich ein ganzheitliches Konzept f\u00fcr die nachhaltige Ausbalancierung unseres Wirtschaftssystems und unserer modernen Lebensweise.<\/div><span class='av-masonry-date meta-color updated'>13. Dezember 2017<\/span><span class=\"av-masonry-text-sep text-sep-author\">\/<\/span><span class='av-masonry-author meta-color author'><span class='fn'>von Heiko Attinger<\/span><\/span><\/div><\/div><\/figcaption><\/figure><\/a><!--end av-masonry entry--><a href=\"https:\/\/heiko-attinger.de\/detailreich\/digitalisierung-und-gentechnik\/\" id='av-masonry-1-item-2133' data-av-masonry-item='2133' class='av-masonry-entry isotope-item post-2133 post type-post status-publish format-standard has-post-thumbnail hentry category-digitalisierung tag-auswirkung-digitalisierung tag-digitale-aufklaerung tag-digitalisierung tag-gentechnik  av-masonry-item-with-image' title=\"Collage-Genfood-Digitalisierung\"  itemscope=\"itemscope\" itemtype=\"https:\/\/schema.org\/CreativeWork\" ><div class='av-inner-masonry-sizer'><\/div><figure class='av-inner-masonry main_color'><div class=\"av-masonry-outerimage-container\"><div class=\"av-masonry-image-container\" ><img decoding=\"async\" src=\"https:\/\/heiko-attinger.de\/detailreich\/wp-content\/uploads\/2017\/10\/Collage-Genfood-Digitalisierung.jpg\" title=\"Collage-Genfood-Digitalisierung\" alt=\"\" \/><\/div><\/div><figcaption class='av-inner-masonry-content site-background'><div class='av-inner-masonry-content-pos'><div class='av-inner-masonry-content-pos-content'><div class='avia-arrow'><\/div><h3 class='av-masonry-entry-title entry-title '  itemprop=\"headline\" >Digitalisierung sinnvoll steuern?<\/h3><div class='av-masonry-entry-content entry-content'  itemprop=\"text\" >Digitalisierung und Gentechnik haben eine gro\u00dfe Gemeinsamkeit: immense Auswirkungen auf unser Leben. Wie bei der Gentechnik k\u00f6nnen die Auswirkungen ab einem bestimmten Punkt nicht mehr r\u00fcckg\u00e4ngig gemacht werden...<\/div><span class='av-masonry-date meta-color updated'>27. Oktober 2017<\/span><span class=\"av-masonry-text-sep text-sep-author\">\/<\/span><span class='av-masonry-author meta-color author'><span class='fn'>von Heiko Attinger<\/span><\/span><\/div><\/div><\/figcaption><\/figure><\/a><!--end av-masonry entry--><\/div><\/div>\n","protected":false},"excerpt":{"rendered":"","protected":false},"author":1,"featured_media":0,"parent":0,"menu_order":1,"comment_status":"closed","ping_status":"closed","template":"","meta":{"footnotes":""},"class_list":["post-263","page","type-page","status-publish","hentry"],"yoast_head":"<!-- This site is optimized with the Yoast SEO plugin v27.2 - https:\/\/yoast.com\/product\/yoast-seo-wordpress\/ -->\n<title>Blog - detailreich. Inspiration by Heiko Attinger<\/title>\n<meta name=\"robots\" content=\"index, follow, max-snippet:-1, max-image-preview:large, max-video-preview:-1\" \/>\n<link rel=\"canonical\" href=\"https:\/\/heiko-attinger.de\/detailreich\/\" \/>\n<meta property=\"og:locale\" content=\"de_DE\" \/>\n<meta property=\"og:type\" content=\"article\" \/>\n<meta property=\"og:title\" content=\"Blog - detailreich. Inspiration by Heiko Attinger\" \/>\n<meta property=\"og:url\" content=\"https:\/\/heiko-attinger.de\/detailreich\/\" \/>\n<meta property=\"og:site_name\" content=\"detailreich. Inspiration by Heiko Attinger\" \/>\n<meta property=\"article:publisher\" content=\"https:\/\/www.facebook.com\/heiko.attinger\/\" \/>\n<meta property=\"article:modified_time\" content=\"2022-07-20T00:11:38+00:00\" \/>\n<meta property=\"og:image\" content=\"https:\/\/heiko-attinger.de\/detailreich\/wp-content\/uploads\/2023\/06\/detailreich-blog-by-heiko-attinger.jpg\" \/>\n\t<meta property=\"og:image:width\" content=\"1200\" \/>\n\t<meta property=\"og:image:height\" content=\"675\" \/>\n\t<meta property=\"og:image:type\" content=\"image\/jpeg\" \/>\n<meta name=\"twitter:card\" content=\"summary_large_image\" \/>\n<script type=\"application\/ld+json\" class=\"yoast-schema-graph\">{\"@context\":\"https:\/\/schema.org\",\"@graph\":[{\"@type\":\"WebPage\",\"@id\":\"https:\/\/heiko-attinger.de\/detailreich\/\",\"url\":\"https:\/\/heiko-attinger.de\/detailreich\/\",\"name\":\"Blog - detailreich. Inspiration by Heiko Attinger\",\"isPartOf\":{\"@id\":\"https:\/\/heiko-attinger.de\/detailreich\/#website\"},\"datePublished\":\"2017-06-05T08:03:56+00:00\",\"dateModified\":\"2022-07-20T00:11:38+00:00\",\"breadcrumb\":{\"@id\":\"https:\/\/heiko-attinger.de\/detailreich\/#breadcrumb\"},\"inLanguage\":\"de\",\"potentialAction\":[{\"@type\":\"ReadAction\",\"target\":[\"https:\/\/heiko-attinger.de\/detailreich\/\"]}]},{\"@type\":\"BreadcrumbList\",\"@id\":\"https:\/\/heiko-attinger.de\/detailreich\/#breadcrumb\",\"itemListElement\":[{\"@type\":\"ListItem\",\"position\":1,\"name\":\"Startseite\",\"item\":\"https:\/\/heiko-attinger.de\/detailreich\/\"},{\"@type\":\"ListItem\",\"position\":2,\"name\":\"Blog\"}]},{\"@type\":\"WebSite\",\"@id\":\"https:\/\/heiko-attinger.de\/detailreich\/#website\",\"url\":\"https:\/\/heiko-attinger.de\/detailreich\/\",\"name\":\"detailreich. Inspiration by Heiko Attinger\",\"description\":\"Blog rund um aktuelle Themen, Paradigmen, Hintergr\u00fcnde, Visionen, Strategien\",\"publisher\":{\"@id\":\"https:\/\/heiko-attinger.de\/detailreich\/#organization\"},\"potentialAction\":[{\"@type\":\"SearchAction\",\"target\":{\"@type\":\"EntryPoint\",\"urlTemplate\":\"https:\/\/heiko-attinger.de\/detailreich\/?s={search_term_string}\"},\"query-input\":{\"@type\":\"PropertyValueSpecification\",\"valueRequired\":true,\"valueName\":\"search_term_string\"}}],\"inLanguage\":\"de\"},{\"@type\":\"Organization\",\"@id\":\"https:\/\/heiko-attinger.de\/detailreich\/#organization\",\"name\":\"detailreich. Blog by Heiko Attinger\",\"url\":\"https:\/\/heiko-attinger.de\/detailreich\/\",\"logo\":{\"@type\":\"ImageObject\",\"inLanguage\":\"de\",\"@id\":\"https:\/\/heiko-attinger.de\/detailreich\/#\/schema\/logo\/image\/\",\"url\":\"https:\/\/detailreich.heiko-attinger.de\/wp-content\/uploads\/2021\/03\/detailreich-icon.png\",\"contentUrl\":\"https:\/\/detailreich.heiko-attinger.de\/wp-content\/uploads\/2021\/03\/detailreich-icon.png\",\"width\":512,\"height\":512,\"caption\":\"detailreich. Blog by Heiko Attinger\"},\"image\":{\"@id\":\"https:\/\/heiko-attinger.de\/detailreich\/#\/schema\/logo\/image\/\"},\"sameAs\":[\"https:\/\/www.facebook.com\/heiko.attinger\/\"]}]}<\/script>\n<!-- \/ Yoast SEO plugin. -->","yoast_head_json":{"title":"Blog - detailreich. Inspiration by Heiko Attinger","robots":{"index":"index","follow":"follow","max-snippet":"max-snippet:-1","max-image-preview":"max-image-preview:large","max-video-preview":"max-video-preview:-1"},"canonical":"https:\/\/heiko-attinger.de\/detailreich\/","og_locale":"de_DE","og_type":"article","og_title":"Blog - detailreich. Inspiration by Heiko Attinger","og_url":"https:\/\/heiko-attinger.de\/detailreich\/","og_site_name":"detailreich. Inspiration by Heiko Attinger","article_publisher":"https:\/\/www.facebook.com\/heiko.attinger\/","article_modified_time":"2022-07-20T00:11:38+00:00","og_image":[{"width":1200,"height":675,"url":"https:\/\/heiko-attinger.de\/detailreich\/wp-content\/uploads\/2023\/06\/detailreich-blog-by-heiko-attinger.jpg","type":"image\/jpeg"}],"twitter_card":"summary_large_image","schema":{"@context":"https:\/\/schema.org","@graph":[{"@type":"WebPage","@id":"https:\/\/heiko-attinger.de\/detailreich\/","url":"https:\/\/heiko-attinger.de\/detailreich\/","name":"Blog - detailreich. Inspiration by Heiko Attinger","isPartOf":{"@id":"https:\/\/heiko-attinger.de\/detailreich\/#website"},"datePublished":"2017-06-05T08:03:56+00:00","dateModified":"2022-07-20T00:11:38+00:00","breadcrumb":{"@id":"https:\/\/heiko-attinger.de\/detailreich\/#breadcrumb"},"inLanguage":"de","potentialAction":[{"@type":"ReadAction","target":["https:\/\/heiko-attinger.de\/detailreich\/"]}]},{"@type":"BreadcrumbList","@id":"https:\/\/heiko-attinger.de\/detailreich\/#breadcrumb","itemListElement":[{"@type":"ListItem","position":1,"name":"Startseite","item":"https:\/\/heiko-attinger.de\/detailreich\/"},{"@type":"ListItem","position":2,"name":"Blog"}]},{"@type":"WebSite","@id":"https:\/\/heiko-attinger.de\/detailreich\/#website","url":"https:\/\/heiko-attinger.de\/detailreich\/","name":"detailreich. Inspiration by Heiko Attinger","description":"Blog rund um aktuelle Themen, Paradigmen, Hintergr\u00fcnde, Visionen, Strategien","publisher":{"@id":"https:\/\/heiko-attinger.de\/detailreich\/#organization"},"potentialAction":[{"@type":"SearchAction","target":{"@type":"EntryPoint","urlTemplate":"https:\/\/heiko-attinger.de\/detailreich\/?s={search_term_string}"},"query-input":{"@type":"PropertyValueSpecification","valueRequired":true,"valueName":"search_term_string"}}],"inLanguage":"de"},{"@type":"Organization","@id":"https:\/\/heiko-attinger.de\/detailreich\/#organization","name":"detailreich. Blog by Heiko Attinger","url":"https:\/\/heiko-attinger.de\/detailreich\/","logo":{"@type":"ImageObject","inLanguage":"de","@id":"https:\/\/heiko-attinger.de\/detailreich\/#\/schema\/logo\/image\/","url":"https:\/\/detailreich.heiko-attinger.de\/wp-content\/uploads\/2021\/03\/detailreich-icon.png","contentUrl":"https:\/\/detailreich.heiko-attinger.de\/wp-content\/uploads\/2021\/03\/detailreich-icon.png","width":512,"height":512,"caption":"detailreich. Blog by Heiko Attinger"},"image":{"@id":"https:\/\/heiko-attinger.de\/detailreich\/#\/schema\/logo\/image\/"},"sameAs":["https:\/\/www.facebook.com\/heiko.attinger\/"]}]}},"_links":{"self":[{"href":"https:\/\/heiko-attinger.de\/detailreich\/wp-json\/wp\/v2\/pages\/263","targetHints":{"allow":["GET"]}}],"collection":[{"href":"https:\/\/heiko-attinger.de\/detailreich\/wp-json\/wp\/v2\/pages"}],"about":[{"href":"https:\/\/heiko-attinger.de\/detailreich\/wp-json\/wp\/v2\/types\/page"}],"author":[{"embeddable":true,"href":"https:\/\/heiko-attinger.de\/detailreich\/wp-json\/wp\/v2\/users\/1"}],"replies":[{"embeddable":true,"href":"https:\/\/heiko-attinger.de\/detailreich\/wp-json\/wp\/v2\/comments?post=263"}],"version-history":[{"count":3,"href":"https:\/\/heiko-attinger.de\/detailreich\/wp-json\/wp\/v2\/pages\/263\/revisions"}],"predecessor-version":[{"id":2333,"href":"https:\/\/heiko-attinger.de\/detailreich\/wp-json\/wp\/v2\/pages\/263\/revisions\/2333"}],"wp:attachment":[{"href":"https:\/\/heiko-attinger.de\/detailreich\/wp-json\/wp\/v2\/media?parent=263"}],"curies":[{"name":"wp","href":"https:\/\/api.w.org\/{rel}","templated":true}]}}