{"id":362,"date":"2017-11-04T16:09:39","date_gmt":"2017-11-04T15:09:39","guid":{"rendered":"http:\/\/bonne-design.com\/digitalrevolte\/?page_id=362"},"modified":"2021-03-30T18:25:23","modified_gmt":"2021-03-30T16:25:23","slug":"impressum","status":"publish","type":"page","link":"https:\/\/heiko-attinger.de\/detailreich\/impressum\/","title":{"rendered":"Impressum"},"content":{"rendered":"<div class=\"flex_column av_two_third  flex_column_div av-zero-column-padding first  avia-builder-el-0  el_before_av_one_third  avia-builder-el-first  \" style='border-radius:0px; '><section class=\"av_textblock_section \"  itemscope=\"itemscope\" itemtype=\"https:\/\/schema.org\/CreativeWork\" ><div class='avia_textblock  '   itemprop=\"text\" ><h2>IMPRESSUM<\/h2>\n<h3>Angaben nach \u00a75 TMG:<\/h3>\n<p><strong>detailreich<\/strong> ist ein Blog f\u00fcr Inspiration und neue Perspektiven.<br \/>\nInhaltlich verantwortlich:<br \/>\nHeiko Attinger<br \/>\nIm Krausfeld 31<br \/>\n53111 Bonn<br \/>\nTelefon: +49\u00a0228 446 40 318<br \/>\nE-Mail: kontakt {ad} heiko-attinger {pkt} de<\/p>\n<p>Gesamterstellung:<br \/>\n<strong>dbha:<\/strong>designstudio, <a href=\"https:\/\/www.dbha.de\" target=\"_blank\" rel=\"noopener\">www.dbha.de<\/a><\/p>\n<h3>Rechtliche Hinweise und Copyrights<\/h3>\n<p>Alle ver\u00f6ffentlichten Texte, Bilder, Grafiken und das Webdesign sind urheberrechtlich gesch\u00fctzt! Wenn keine weiteren Angaben gemacht werden liegt das Urheberrecht bei Heiko Attinger.<\/p>\n<p>Jede Verwendung der in diesem Blog ver\u00f6ffentlichten Text- und Bildmaterialien nur mit vorheriger Genehmigung von Heiko Attinger.<br \/>\nEs gilt das deutsche Urheber- und Leistungsschutzrecht.<\/p>\n<h3>Disclaimer<\/h3>\n<p>F\u00fcr die Inhalte externer Webseiten, die \u00fcber einen Hyperlink erreicht werden, sind ausschlie\u00dflich die Urheber bzw. Betreiber dieser Seiten verantwortlich.<\/p>\n<h3>Datenschutz<\/h3>\n<p><strong>Der Nutzung von im Rahmen der Impressumspflicht ver\u00f6ffentlichten Kontaktdaten durch Dritte wird hiermit ausdr\u00fccklich widersprochen!<\/strong><\/p>\n<p><a href=\"\/datenschutz\/\">&gt;&gt; zur Datenschutzerkl\u00e4rung<\/a><\/p>\n<\/div><\/section><\/div><div class=\"flex_column av_one_third  flex_column_div av-zero-column-padding   avia-builder-el-2  el_after_av_two_third  avia-builder-el-last  \" style='border-radius:0px; '><section class=\"av_textblock_section \"  itemscope=\"itemscope\" itemtype=\"https:\/\/schema.org\/CreativeWork\" ><div class='avia_textblock  '   itemprop=\"text\" ><h2>Kontaktformular<\/h2>\n\n<div class=\"wpcf7 no-js\" id=\"wpcf7-f2161-o1\" lang=\"de-DE\" dir=\"ltr\" data-wpcf7-id=\"2161\">\n<div class=\"screen-reader-response\"><p role=\"status\" aria-live=\"polite\" aria-atomic=\"true\"><\/p> <ul><\/ul><\/div>\n<form action=\"\/detailreich\/wp-json\/wp\/v2\/pages\/362#wpcf7-f2161-o1\" method=\"post\" class=\"wpcf7-form init\" aria-label=\"Kontaktformular\" novalidate=\"novalidate\" data-status=\"init\">\n<fieldset class=\"hidden-fields-container\"><input type=\"hidden\" name=\"_wpcf7\" value=\"2161\" \/><input type=\"hidden\" name=\"_wpcf7_version\" value=\"6.1.5\" \/><input type=\"hidden\" name=\"_wpcf7_locale\" value=\"de_DE\" \/><input type=\"hidden\" name=\"_wpcf7_unit_tag\" value=\"wpcf7-f2161-o1\" \/><input type=\"hidden\" name=\"_wpcf7_container_post\" value=\"0\" \/><input type=\"hidden\" name=\"_wpcf7_posted_data_hash\" value=\"\" \/>\n<\/fieldset>\n<div style=\"width:100%;\">\n\t<p><span class=\"wpcf7-form-control-wrap\" data-name=\"kontakt-name\"><input size=\"40\" maxlength=\"400\" class=\"wpcf7-form-control wpcf7-text wpcf7-validates-as-required\" aria-required=\"true\" aria-invalid=\"false\" placeholder=\"Dein Name\" value=\"\" type=\"text\" name=\"kontakt-name\" \/><\/span><span id=\"wpcf7-69fa2a1b63e81-wrapper\" class=\"wpcf7-form-control-wrap kontakt-vorname-wrap\" style=\"display:none !important; visibility:hidden !important;\"><label for=\"wpcf7-69fa2a1b63e81-field\" class=\"hp-message\">Bitte lasse dieses Feld leer.<\/label><input id=\"wpcf7-69fa2a1b63e81-field\"  class=\"wpcf7-form-control wpcf7-text\" type=\"text\" name=\"kontakt-vorname\" value=\"\" size=\"40\" tabindex=\"-1\" autocomplete=\"new-password\" \/><\/span>\n\t<\/p>\n<\/div>\n<div style=\"width:100%;\">\n\t<p><span class=\"wpcf7-form-control-wrap\" data-name=\"kontakt-email\"><input size=\"40\" maxlength=\"400\" class=\"wpcf7-form-control wpcf7-email wpcf7-validates-as-required wpcf7-text wpcf7-validates-as-email\" aria-required=\"true\" aria-invalid=\"false\" placeholder=\"E-Mail Adresse\" value=\"\" type=\"email\" name=\"kontakt-email\" \/><\/span>\n\t<\/p>\n<\/div>\n<div style=\"width:100%;\">\n\t<p><span class=\"wpcf7-form-control-wrap\" data-name=\"kontakt-phone\"><input size=\"40\" maxlength=\"400\" class=\"wpcf7-form-control wpcf7-tel wpcf7-text wpcf7-validates-as-tel\" aria-invalid=\"false\" placeholder=\"Telefon (optional)\" value=\"\" type=\"tel\" name=\"kontakt-phone\" \/><\/span><span id=\"wpcf7-69fa2a1b63fa0-wrapper\" class=\"wpcf7-form-control-wrap kontakt-mobil-wrap\" style=\"display:none !important; visibility:hidden !important;\"><label for=\"wpcf7-69fa2a1b63fa0-field\" class=\"hp-message\">Bitte lasse dieses Feld leer.<\/label><input id=\"wpcf7-69fa2a1b63fa0-field\"  class=\"wpcf7-form-control wpcf7-text\" type=\"text\" name=\"kontakt-mobil\" value=\"\" size=\"40\" tabindex=\"-1\" autocomplete=\"new-password\" \/><\/span>\n\t<\/p>\n<\/div>\n<div style=\"width:100%;\">\n\t<p>Was besch\u00e4ftigt dich?\n\t<\/p>\n\t<p><span class=\"wpcf7-form-control-wrap\" data-name=\"thema\"><input size=\"40\" maxlength=\"400\" class=\"wpcf7-form-control wpcf7-text\" aria-invalid=\"false\" value=\"\" type=\"text\" name=\"thema\" \/><\/span>\n\t<\/p>\n<\/div>\n<div style=\"width:100%;\">\n\t<p>Schreib mir gerne dein Feedback:\n\t<\/p>\n\t<p><span class=\"wpcf7-form-control-wrap\" data-name=\"feedback-nachricht\"><textarea cols=\"40\" rows=\"7\" maxlength=\"2000\" class=\"wpcf7-form-control wpcf7-textarea\" aria-invalid=\"false\" name=\"feedback-nachricht\"><\/textarea><\/span>\n\t<\/p>\n<\/div>\n<div style=\"width:100%;\">\n\t<p>Anti-Spam Check:\n\t<\/p>\n\t<p><span class=\"wpcf7-form-control-wrap\" data-name=\"quiz-707\"><label><span class=\"wpcf7-quiz-label\">Wie nennt man die 5. Jahreszeit im Rheinland?<\/span> <input size=\"40\" class=\"wpcf7-form-control wpcf7-quiz\" autocomplete=\"off\" aria-required=\"true\" aria-invalid=\"false\" type=\"text\" name=\"quiz-707\" \/><\/label><input type=\"hidden\" name=\"_wpcf7_quiz_answer_quiz-707\" value=\"0bba4a7132812abff31be0232bee4c7c\" \/><\/span>\n\t<\/p>\n<\/div>\n<div style=\"padding: 0;\">\n\t<p><span class=\"wpcf7-form-control-wrap\" data-name=\"checkbox-data\"><span class=\"wpcf7-form-control wpcf7-checkbox wpcf7-validates-as-required\"><span class=\"wpcf7-list-item first last\"><label><input type=\"checkbox\" name=\"checkbox-data[]\" value=\"Mit den Datenschutzbestimmungen bin ich einverstanden.\" \/><span class=\"wpcf7-list-item-label\">Mit den Datenschutzbestimmungen bin ich einverstanden.<\/span><\/label><\/span><\/span><\/span>\n\t<\/p>\n<\/div>\n<p><input class=\"wpcf7-form-control wpcf7-submit has-spinner\" type=\"submit\" value=\"Senden\" \/>\n<\/p><div class=\"wpcf7-response-output\" aria-hidden=\"true\"><\/div>\n<\/form>\n<\/div>\n\n<\/div><\/section><\/div><\/p>\n","protected":false},"excerpt":{"rendered":"","protected":false},"author":1,"featured_media":0,"parent":0,"menu_order":100,"comment_status":"closed","ping_status":"closed","template":"","meta":{"footnotes":""},"class_list":["post-362","page","type-page","status-publish","hentry"],"yoast_head":"<!-- This site is optimized with the Yoast SEO plugin v27.2 - https:\/\/yoast.com\/product\/yoast-seo-wordpress\/ -->\n<title>Impressum - detailreich. Inspiration by Heiko Attinger<\/title>\n<meta name=\"robots\" content=\"index, follow, max-snippet:-1, max-image-preview:large, max-video-preview:-1\" \/>\n<link rel=\"canonical\" href=\"https:\/\/heiko-attinger.de\/detailreich\/impressum\/\" \/>\n<meta property=\"og:locale\" content=\"de_DE\" \/>\n<meta property=\"og:type\" content=\"article\" \/>\n<meta property=\"og:title\" content=\"Impressum - detailreich. Inspiration by Heiko Attinger\" \/>\n<meta property=\"og:url\" content=\"https:\/\/heiko-attinger.de\/detailreich\/impressum\/\" \/>\n<meta property=\"og:site_name\" content=\"detailreich. Inspiration by Heiko Attinger\" \/>\n<meta property=\"article:publisher\" content=\"https:\/\/www.facebook.com\/heiko.attinger\/\" \/>\n<meta property=\"article:modified_time\" content=\"2021-03-30T16:25:23+00:00\" \/>\n<meta property=\"og:image\" content=\"https:\/\/heiko-attinger.de\/detailreich\/wp-content\/uploads\/2023\/06\/detailreich-blog-by-heiko-attinger.jpg\" \/>\n\t<meta property=\"og:image:width\" content=\"1200\" \/>\n\t<meta property=\"og:image:height\" content=\"675\" \/>\n\t<meta property=\"og:image:type\" content=\"image\/jpeg\" \/>\n<meta name=\"twitter:card\" content=\"summary_large_image\" \/>\n<script type=\"application\/ld+json\" class=\"yoast-schema-graph\">{\"@context\":\"https:\/\/schema.org\",\"@graph\":[{\"@type\":\"WebPage\",\"@id\":\"https:\/\/heiko-attinger.de\/detailreich\/impressum\/\",\"url\":\"https:\/\/heiko-attinger.de\/detailreich\/impressum\/\",\"name\":\"Impressum - detailreich. Inspiration by Heiko Attinger\",\"isPartOf\":{\"@id\":\"https:\/\/heiko-attinger.de\/detailreich\/#website\"},\"datePublished\":\"2017-11-04T15:09:39+00:00\",\"dateModified\":\"2021-03-30T16:25:23+00:00\",\"breadcrumb\":{\"@id\":\"https:\/\/heiko-attinger.de\/detailreich\/impressum\/#breadcrumb\"},\"inLanguage\":\"de\",\"potentialAction\":[{\"@type\":\"ReadAction\",\"target\":[\"https:\/\/heiko-attinger.de\/detailreich\/impressum\/\"]}]},{\"@type\":\"BreadcrumbList\",\"@id\":\"https:\/\/heiko-attinger.de\/detailreich\/impressum\/#breadcrumb\",\"itemListElement\":[{\"@type\":\"ListItem\",\"position\":1,\"name\":\"Startseite\",\"item\":\"https:\/\/heiko-attinger.de\/detailreich\/\"},{\"@type\":\"ListItem\",\"position\":2,\"name\":\"Impressum\"}]},{\"@type\":\"WebSite\",\"@id\":\"https:\/\/heiko-attinger.de\/detailreich\/#website\",\"url\":\"https:\/\/heiko-attinger.de\/detailreich\/\",\"name\":\"detailreich. Inspiration by Heiko Attinger\",\"description\":\"Blog rund um aktuelle Themen, Paradigmen, Hintergr\u00fcnde, Visionen, Strategien\",\"publisher\":{\"@id\":\"https:\/\/heiko-attinger.de\/detailreich\/#organization\"},\"potentialAction\":[{\"@type\":\"SearchAction\",\"target\":{\"@type\":\"EntryPoint\",\"urlTemplate\":\"https:\/\/heiko-attinger.de\/detailreich\/?s={search_term_string}\"},\"query-input\":{\"@type\":\"PropertyValueSpecification\",\"valueRequired\":true,\"valueName\":\"search_term_string\"}}],\"inLanguage\":\"de\"},{\"@type\":\"Organization\",\"@id\":\"https:\/\/heiko-attinger.de\/detailreich\/#organization\",\"name\":\"detailreich. Blog by Heiko Attinger\",\"url\":\"https:\/\/heiko-attinger.de\/detailreich\/\",\"logo\":{\"@type\":\"ImageObject\",\"inLanguage\":\"de\",\"@id\":\"https:\/\/heiko-attinger.de\/detailreich\/#\/schema\/logo\/image\/\",\"url\":\"https:\/\/detailreich.heiko-attinger.de\/wp-content\/uploads\/2021\/03\/detailreich-icon.png\",\"contentUrl\":\"https:\/\/detailreich.heiko-attinger.de\/wp-content\/uploads\/2021\/03\/detailreich-icon.png\",\"width\":512,\"height\":512,\"caption\":\"detailreich. Blog by Heiko Attinger\"},\"image\":{\"@id\":\"https:\/\/heiko-attinger.de\/detailreich\/#\/schema\/logo\/image\/\"},\"sameAs\":[\"https:\/\/www.facebook.com\/heiko.attinger\/\"]}]}<\/script>\n<!-- \/ Yoast SEO plugin. -->","yoast_head_json":{"title":"Impressum - detailreich. Inspiration by Heiko Attinger","robots":{"index":"index","follow":"follow","max-snippet":"max-snippet:-1","max-image-preview":"max-image-preview:large","max-video-preview":"max-video-preview:-1"},"canonical":"https:\/\/heiko-attinger.de\/detailreich\/impressum\/","og_locale":"de_DE","og_type":"article","og_title":"Impressum - detailreich. Inspiration by Heiko Attinger","og_url":"https:\/\/heiko-attinger.de\/detailreich\/impressum\/","og_site_name":"detailreich. Inspiration by Heiko Attinger","article_publisher":"https:\/\/www.facebook.com\/heiko.attinger\/","article_modified_time":"2021-03-30T16:25:23+00:00","og_image":[{"width":1200,"height":675,"url":"https:\/\/heiko-attinger.de\/detailreich\/wp-content\/uploads\/2023\/06\/detailreich-blog-by-heiko-attinger.jpg","type":"image\/jpeg"}],"twitter_card":"summary_large_image","schema":{"@context":"https:\/\/schema.org","@graph":[{"@type":"WebPage","@id":"https:\/\/heiko-attinger.de\/detailreich\/impressum\/","url":"https:\/\/heiko-attinger.de\/detailreich\/impressum\/","name":"Impressum - detailreich. Inspiration by Heiko Attinger","isPartOf":{"@id":"https:\/\/heiko-attinger.de\/detailreich\/#website"},"datePublished":"2017-11-04T15:09:39+00:00","dateModified":"2021-03-30T16:25:23+00:00","breadcrumb":{"@id":"https:\/\/heiko-attinger.de\/detailreich\/impressum\/#breadcrumb"},"inLanguage":"de","potentialAction":[{"@type":"ReadAction","target":["https:\/\/heiko-attinger.de\/detailreich\/impressum\/"]}]},{"@type":"BreadcrumbList","@id":"https:\/\/heiko-attinger.de\/detailreich\/impressum\/#breadcrumb","itemListElement":[{"@type":"ListItem","position":1,"name":"Startseite","item":"https:\/\/heiko-attinger.de\/detailreich\/"},{"@type":"ListItem","position":2,"name":"Impressum"}]},{"@type":"WebSite","@id":"https:\/\/heiko-attinger.de\/detailreich\/#website","url":"https:\/\/heiko-attinger.de\/detailreich\/","name":"detailreich. Inspiration by Heiko Attinger","description":"Blog rund um aktuelle Themen, Paradigmen, Hintergr\u00fcnde, Visionen, Strategien","publisher":{"@id":"https:\/\/heiko-attinger.de\/detailreich\/#organization"},"potentialAction":[{"@type":"SearchAction","target":{"@type":"EntryPoint","urlTemplate":"https:\/\/heiko-attinger.de\/detailreich\/?s={search_term_string}"},"query-input":{"@type":"PropertyValueSpecification","valueRequired":true,"valueName":"search_term_string"}}],"inLanguage":"de"},{"@type":"Organization","@id":"https:\/\/heiko-attinger.de\/detailreich\/#organization","name":"detailreich. Blog by Heiko Attinger","url":"https:\/\/heiko-attinger.de\/detailreich\/","logo":{"@type":"ImageObject","inLanguage":"de","@id":"https:\/\/heiko-attinger.de\/detailreich\/#\/schema\/logo\/image\/","url":"https:\/\/detailreich.heiko-attinger.de\/wp-content\/uploads\/2021\/03\/detailreich-icon.png","contentUrl":"https:\/\/detailreich.heiko-attinger.de\/wp-content\/uploads\/2021\/03\/detailreich-icon.png","width":512,"height":512,"caption":"detailreich. Blog by Heiko Attinger"},"image":{"@id":"https:\/\/heiko-attinger.de\/detailreich\/#\/schema\/logo\/image\/"},"sameAs":["https:\/\/www.facebook.com\/heiko.attinger\/"]}]}},"_links":{"self":[{"href":"https:\/\/heiko-attinger.de\/detailreich\/wp-json\/wp\/v2\/pages\/362","targetHints":{"allow":["GET"]}}],"collection":[{"href":"https:\/\/heiko-attinger.de\/detailreich\/wp-json\/wp\/v2\/pages"}],"about":[{"href":"https:\/\/heiko-attinger.de\/detailreich\/wp-json\/wp\/v2\/types\/page"}],"author":[{"embeddable":true,"href":"https:\/\/heiko-attinger.de\/detailreich\/wp-json\/wp\/v2\/users\/1"}],"replies":[{"embeddable":true,"href":"https:\/\/heiko-attinger.de\/detailreich\/wp-json\/wp\/v2\/comments?post=362"}],"version-history":[{"count":5,"href":"https:\/\/heiko-attinger.de\/detailreich\/wp-json\/wp\/v2\/pages\/362\/revisions"}],"predecessor-version":[{"id":2165,"href":"https:\/\/heiko-attinger.de\/detailreich\/wp-json\/wp\/v2\/pages\/362\/revisions\/2165"}],"wp:attachment":[{"href":"https:\/\/heiko-attinger.de\/detailreich\/wp-json\/wp\/v2\/media?parent=362"}],"curies":[{"name":"wp","href":"https:\/\/api.w.org\/{rel}","templated":true}]}}