{"id":447,"date":"2017-11-04T22:36:29","date_gmt":"2017-11-04T21:36:29","guid":{"rendered":"http:\/\/bonne-design.com\/digitalrevolte\/?page_id=447"},"modified":"2026-03-29T15:14:22","modified_gmt":"2026-03-29T13:14:22","slug":"gastbeitraege","status":"publish","type":"page","link":"https:\/\/heiko-attinger.de\/detailreich\/gastbeitraege\/","title":{"rendered":"Gastbeitr\u00e4ge"},"content":{"rendered":"<div class=\"flex_column av_two_third  flex_column_div av-zero-column-padding first  avia-builder-el-0  el_before_av_one_third  avia-builder-el-first  \" style='border-radius:0px; '><section class=\"av_textblock_section \"  itemscope=\"itemscope\" itemtype=\"https:\/\/schema.org\/CreativeWork\" ><div class='avia_textblock  '   itemprop=\"text\" ><h2>Neue Beitr\u00e4ge&#8230;<\/h2>\n<p><strong>detailreich<\/strong> ist ein Blog f\u00fcr Aufkl\u00e4rung, Inspiration und neue Perspektiven \u2013 unabh\u00e4ngig vom medialen Mainstream!<\/p>\n<p>Ein Austausch und Dialog mit allen, die sich in irgendeiner Form mit Digitalisierung oder anderen in diesem Blog behandelten Themen besch\u00e4ftigen ist willkommen und erw\u00fcnscht. Schreiben Sie gerne einen Gastbeitrag in dem Sie Ihre Arbeit, Motivation, Erkenntnisse darstellen.<\/p>\n<p>Interessant sind z.B. Einblicke in aktuelle Forschungen und Entwicklungen rund um die Themen k\u00fcnstliche Intelligenz (KI), Robotik, Virtual Reality. Aber auch\u00a0Statements von Wissenschaftlern, Philosophen, Politikern, Soziologen,&#8230; hinsichtlich aktueller Entwicklungen.<\/p>\n<p>Gerne f\u00fchre ich ein Interview mit Ihnen \u00fcber Ihr Thema oder senden Sie einfach Ihren Gastbeitrag als vorgefassten Text. Wenn Sie einen Gastbeitrag ver\u00f6ffentlichen wollen, f\u00fcgen Sie auch eine kurze Vita bei und soweit m\u00f6glich Bilder, die ver\u00f6ffentlicht werden k\u00f6nnen. Nat\u00fcrlich werden Gastautoren mit einem Autorenprofil und wenn erw\u00fcnscht mit Kontaktdaten oder Verlinkung auf eigene Internetseiten im jeweiligen Beitrag vorgestellt.<\/p>\n<p>Schreiben Sie mir, wenn Sie in einem Interview Ihre Arbeit vorstellen oder einen Gastbeitrag ver\u00f6ffentlichen wollen.\u00a0Anlagen\u00a0z.B. Ihre Vita oder weiterf\u00fchrende Informationen senden Sie gerne direkt per E-Mail an: kontakt{ad}heiko-attinger{pkt}de.<\/p>\n<p>Mit herzlichen Gr\u00fc\u00dfen,<br \/>\nHeiko Attinger<\/p>\n<\/div><\/section><\/div>\n<div class=\"flex_column av_one_third  flex_column_div av-zero-column-padding   avia-builder-el-2  el_after_av_two_third  avia-builder-el-last  \" style='border-radius:0px; '><section class=\"av_textblock_section \"  itemscope=\"itemscope\" itemtype=\"https:\/\/schema.org\/CreativeWork\" ><div class='avia_textblock  '   itemprop=\"text\" ><h2>Lust auf mehr&#8230;<\/h2>\n<p><strong>Was besch\u00e4ftigt dich, <\/strong>was bewegt dich, was treibt dich an?<br \/>\nIch freu mich auf inspirierenden Austausch&#8230;<\/p>\n<\/div><\/section><br \/>\n<div  class='avia-button-wrap avia-button-left  avia-builder-el-4  el_after_av_textblock  avia-builder-el-last ' ><a href='https:\/\/heiko-attinger.de\/detailreich\/kontakt\/'  class='avia-button   avia-icon_select-yes-left-icon avia-color-theme-color-subtle avia-size-x-large avia-position-left '   ><span class='avia_button_icon avia_button_icon_left ' aria-hidden='true' data-av_icon='\ue83c' data-av_iconfont='entypo-fontello'><\/span><span class='avia_iconbox_title' >Kontakt<\/span><\/a><\/div><\/p><\/div>\n","protected":false},"excerpt":{"rendered":"","protected":false},"author":1,"featured_media":0,"parent":0,"menu_order":20,"comment_status":"closed","ping_status":"closed","template":"","meta":{"footnotes":""},"class_list":["post-447","page","type-page","status-publish","hentry"],"yoast_head":"<!-- This site is optimized with the Yoast SEO plugin v27.2 - https:\/\/yoast.com\/product\/yoast-seo-wordpress\/ -->\n<title>Gastbeitr\u00e4ge - detailreich. Inspiration by Heiko Attinger<\/title>\n<meta name=\"robots\" content=\"index, follow, max-snippet:-1, max-image-preview:large, max-video-preview:-1\" \/>\n<link rel=\"canonical\" href=\"https:\/\/heiko-attinger.de\/detailreich\/gastbeitraege\/\" \/>\n<meta property=\"og:locale\" content=\"de_DE\" \/>\n<meta property=\"og:type\" content=\"article\" \/>\n<meta property=\"og:title\" content=\"Gastbeitr\u00e4ge - detailreich. Inspiration by Heiko Attinger\" \/>\n<meta property=\"og:url\" content=\"https:\/\/heiko-attinger.de\/detailreich\/gastbeitraege\/\" \/>\n<meta property=\"og:site_name\" content=\"detailreich. Inspiration by Heiko Attinger\" \/>\n<meta property=\"article:publisher\" content=\"https:\/\/www.facebook.com\/heiko.attinger\/\" \/>\n<meta property=\"article:modified_time\" content=\"2026-03-29T13:14:22+00:00\" \/>\n<meta property=\"og:image\" content=\"https:\/\/heiko-attinger.de\/detailreich\/wp-content\/uploads\/2023\/06\/detailreich-blog-by-heiko-attinger.jpg\" \/>\n\t<meta property=\"og:image:width\" content=\"1200\" \/>\n\t<meta property=\"og:image:height\" content=\"675\" \/>\n\t<meta property=\"og:image:type\" content=\"image\/jpeg\" \/>\n<meta name=\"twitter:card\" content=\"summary_large_image\" \/>\n<script type=\"application\/ld+json\" class=\"yoast-schema-graph\">{\"@context\":\"https:\/\/schema.org\",\"@graph\":[{\"@type\":\"WebPage\",\"@id\":\"https:\/\/heiko-attinger.de\/detailreich\/gastbeitraege\/\",\"url\":\"https:\/\/heiko-attinger.de\/detailreich\/gastbeitraege\/\",\"name\":\"Gastbeitr\u00e4ge - detailreich. Inspiration by Heiko Attinger\",\"isPartOf\":{\"@id\":\"https:\/\/heiko-attinger.de\/detailreich\/#website\"},\"datePublished\":\"2017-11-04T21:36:29+00:00\",\"dateModified\":\"2026-03-29T13:14:22+00:00\",\"breadcrumb\":{\"@id\":\"https:\/\/heiko-attinger.de\/detailreich\/gastbeitraege\/#breadcrumb\"},\"inLanguage\":\"de\",\"potentialAction\":[{\"@type\":\"ReadAction\",\"target\":[\"https:\/\/heiko-attinger.de\/detailreich\/gastbeitraege\/\"]}]},{\"@type\":\"BreadcrumbList\",\"@id\":\"https:\/\/heiko-attinger.de\/detailreich\/gastbeitraege\/#breadcrumb\",\"itemListElement\":[{\"@type\":\"ListItem\",\"position\":1,\"name\":\"Startseite\",\"item\":\"https:\/\/heiko-attinger.de\/detailreich\/\"},{\"@type\":\"ListItem\",\"position\":2,\"name\":\"Gastbeitr\u00e4ge\"}]},{\"@type\":\"WebSite\",\"@id\":\"https:\/\/heiko-attinger.de\/detailreich\/#website\",\"url\":\"https:\/\/heiko-attinger.de\/detailreich\/\",\"name\":\"detailreich. Inspiration by Heiko Attinger\",\"description\":\"Blog rund um aktuelle Themen, Paradigmen, Hintergr\u00fcnde, Visionen, Strategien\",\"publisher\":{\"@id\":\"https:\/\/heiko-attinger.de\/detailreich\/#organization\"},\"potentialAction\":[{\"@type\":\"SearchAction\",\"target\":{\"@type\":\"EntryPoint\",\"urlTemplate\":\"https:\/\/heiko-attinger.de\/detailreich\/?s={search_term_string}\"},\"query-input\":{\"@type\":\"PropertyValueSpecification\",\"valueRequired\":true,\"valueName\":\"search_term_string\"}}],\"inLanguage\":\"de\"},{\"@type\":\"Organization\",\"@id\":\"https:\/\/heiko-attinger.de\/detailreich\/#organization\",\"name\":\"detailreich. Blog by Heiko Attinger\",\"url\":\"https:\/\/heiko-attinger.de\/detailreich\/\",\"logo\":{\"@type\":\"ImageObject\",\"inLanguage\":\"de\",\"@id\":\"https:\/\/heiko-attinger.de\/detailreich\/#\/schema\/logo\/image\/\",\"url\":\"https:\/\/detailreich.heiko-attinger.de\/wp-content\/uploads\/2021\/03\/detailreich-icon.png\",\"contentUrl\":\"https:\/\/detailreich.heiko-attinger.de\/wp-content\/uploads\/2021\/03\/detailreich-icon.png\",\"width\":512,\"height\":512,\"caption\":\"detailreich. Blog by Heiko Attinger\"},\"image\":{\"@id\":\"https:\/\/heiko-attinger.de\/detailreich\/#\/schema\/logo\/image\/\"},\"sameAs\":[\"https:\/\/www.facebook.com\/heiko.attinger\/\"]}]}<\/script>\n<!-- \/ Yoast SEO plugin. -->","yoast_head_json":{"title":"Gastbeitr\u00e4ge - detailreich. Inspiration by Heiko Attinger","robots":{"index":"index","follow":"follow","max-snippet":"max-snippet:-1","max-image-preview":"max-image-preview:large","max-video-preview":"max-video-preview:-1"},"canonical":"https:\/\/heiko-attinger.de\/detailreich\/gastbeitraege\/","og_locale":"de_DE","og_type":"article","og_title":"Gastbeitr\u00e4ge - detailreich. Inspiration by Heiko Attinger","og_url":"https:\/\/heiko-attinger.de\/detailreich\/gastbeitraege\/","og_site_name":"detailreich. Inspiration by Heiko Attinger","article_publisher":"https:\/\/www.facebook.com\/heiko.attinger\/","article_modified_time":"2026-03-29T13:14:22+00:00","og_image":[{"width":1200,"height":675,"url":"https:\/\/heiko-attinger.de\/detailreich\/wp-content\/uploads\/2023\/06\/detailreich-blog-by-heiko-attinger.jpg","type":"image\/jpeg"}],"twitter_card":"summary_large_image","schema":{"@context":"https:\/\/schema.org","@graph":[{"@type":"WebPage","@id":"https:\/\/heiko-attinger.de\/detailreich\/gastbeitraege\/","url":"https:\/\/heiko-attinger.de\/detailreich\/gastbeitraege\/","name":"Gastbeitr\u00e4ge - detailreich. Inspiration by Heiko Attinger","isPartOf":{"@id":"https:\/\/heiko-attinger.de\/detailreich\/#website"},"datePublished":"2017-11-04T21:36:29+00:00","dateModified":"2026-03-29T13:14:22+00:00","breadcrumb":{"@id":"https:\/\/heiko-attinger.de\/detailreich\/gastbeitraege\/#breadcrumb"},"inLanguage":"de","potentialAction":[{"@type":"ReadAction","target":["https:\/\/heiko-attinger.de\/detailreich\/gastbeitraege\/"]}]},{"@type":"BreadcrumbList","@id":"https:\/\/heiko-attinger.de\/detailreich\/gastbeitraege\/#breadcrumb","itemListElement":[{"@type":"ListItem","position":1,"name":"Startseite","item":"https:\/\/heiko-attinger.de\/detailreich\/"},{"@type":"ListItem","position":2,"name":"Gastbeitr\u00e4ge"}]},{"@type":"WebSite","@id":"https:\/\/heiko-attinger.de\/detailreich\/#website","url":"https:\/\/heiko-attinger.de\/detailreich\/","name":"detailreich. Inspiration by Heiko Attinger","description":"Blog rund um aktuelle Themen, Paradigmen, Hintergr\u00fcnde, Visionen, Strategien","publisher":{"@id":"https:\/\/heiko-attinger.de\/detailreich\/#organization"},"potentialAction":[{"@type":"SearchAction","target":{"@type":"EntryPoint","urlTemplate":"https:\/\/heiko-attinger.de\/detailreich\/?s={search_term_string}"},"query-input":{"@type":"PropertyValueSpecification","valueRequired":true,"valueName":"search_term_string"}}],"inLanguage":"de"},{"@type":"Organization","@id":"https:\/\/heiko-attinger.de\/detailreich\/#organization","name":"detailreich. Blog by Heiko Attinger","url":"https:\/\/heiko-attinger.de\/detailreich\/","logo":{"@type":"ImageObject","inLanguage":"de","@id":"https:\/\/heiko-attinger.de\/detailreich\/#\/schema\/logo\/image\/","url":"https:\/\/detailreich.heiko-attinger.de\/wp-content\/uploads\/2021\/03\/detailreich-icon.png","contentUrl":"https:\/\/detailreich.heiko-attinger.de\/wp-content\/uploads\/2021\/03\/detailreich-icon.png","width":512,"height":512,"caption":"detailreich. Blog by Heiko Attinger"},"image":{"@id":"https:\/\/heiko-attinger.de\/detailreich\/#\/schema\/logo\/image\/"},"sameAs":["https:\/\/www.facebook.com\/heiko.attinger\/"]}]}},"_links":{"self":[{"href":"https:\/\/heiko-attinger.de\/detailreich\/wp-json\/wp\/v2\/pages\/447","targetHints":{"allow":["GET"]}}],"collection":[{"href":"https:\/\/heiko-attinger.de\/detailreich\/wp-json\/wp\/v2\/pages"}],"about":[{"href":"https:\/\/heiko-attinger.de\/detailreich\/wp-json\/wp\/v2\/types\/page"}],"author":[{"embeddable":true,"href":"https:\/\/heiko-attinger.de\/detailreich\/wp-json\/wp\/v2\/users\/1"}],"replies":[{"embeddable":true,"href":"https:\/\/heiko-attinger.de\/detailreich\/wp-json\/wp\/v2\/comments?post=447"}],"version-history":[{"count":7,"href":"https:\/\/heiko-attinger.de\/detailreich\/wp-json\/wp\/v2\/pages\/447\/revisions"}],"predecessor-version":[{"id":2237,"href":"https:\/\/heiko-attinger.de\/detailreich\/wp-json\/wp\/v2\/pages\/447\/revisions\/2237"}],"wp:attachment":[{"href":"https:\/\/heiko-attinger.de\/detailreich\/wp-json\/wp\/v2\/media?parent=447"}],"curies":[{"name":"wp","href":"https:\/\/api.w.org\/{rel}","templated":true}]}}