{"id":575,"date":"2018-03-13T18:03:32","date_gmt":"2018-03-13T17:03:32","guid":{"rendered":"http:\/\/bonne-design.com\/digitalrevolte\/?page_id=575"},"modified":"2026-03-29T15:14:32","modified_gmt":"2026-03-29T13:14:32","slug":"datenschutz","status":"publish","type":"page","link":"https:\/\/heiko-attinger.de\/detailreich\/datenschutz\/","title":{"rendered":"Datenschutz"},"content":{"rendered":"<div class=\"flex_column av_two_third  flex_column_div av-zero-column-padding first  avia-builder-el-0  el_before_av_one_third  avia-builder-el-first  \" style='border-radius:0px; '><section class=\"av_textblock_section \"  itemscope=\"itemscope\" itemtype=\"https:\/\/schema.org\/CreativeWork\" ><div class='avia_textblock  '   itemprop=\"text\" ><h2>Datenschutzerkl\u00e4rung<\/h2>\n<h3 data-lineheight=\"24\" data-fontsize=\"16\">Allgemeines<\/h3>\n<p>Der Schutz Ihrer pers\u00f6nlichen Daten ist uns ein besonderes Anliegen. Ihre Daten werden daher ausschlie\u00dflich auf Grundlage der gesetzlichen Bestimmungen (DSGVO) verarbeitet. Die Nutzung dieser Webseite ist in der Regel ohne Angabe personenbezogener Daten m\u00f6glich. Soweit auf den Seiten personenbezogene Daten (beispielsweise Name, Anschrift oder E-Mail-Adressen) erhoben werden, erfolgt dies auf freiwilliger Basis. Die Daten\u00fcbertragung im Internet (z.B. bei der Kommunikation per E-Mail) kann u.U. Sicherheitsl\u00fccken aufweisen. Ein l\u00fcckenloser Schutz der Daten kann nicht garantiert werden.<\/p>\n<h3 data-lineheight=\"24\" data-fontsize=\"16\">Besuch der Website<\/h3>\n<p>Beim Aufrufen unserer Website werden durch den auf Ihrem Endger\u00e4t zum Einsatz kommenden Browser automatisch Informationen an den Server unserer Website gesendet. Diese Informationen werden tempor\u00e4r in einem sog. Logfile gespeichert. Folgende Informationen werden dabei ohne Ihr Zutun erfasst und bis zur automatisierten L\u00f6schung nach 6 Wochen durch unseren Provider (Strato AG) gespeichert: \u00b7 IP-Adresse des anfragenden Rechners, \u00b7 Datum und Uhrzeit des Zugriffs, \u00b7 Name und URL der abgerufenen Datei, \u00b7 Website, von der aus der Zugriff erfolgt (Referrer-URL), \u00b7 verwendeter Browser und ggf. das Betriebssystem Ihres Rechners sowie der Name Ihres Access-Providers. Die genannten Daten werden durch uns zu folgenden Zwecken verarbeitet: \u00b7 Gew\u00e4hrleistung eines reibungslosen Verbindungsaufbaus der Website, \u00b7 Gew\u00e4hrleistung einer komfortablen Nutzung unserer Website, \u00b7 Auswertung der Systemsicherheit und -stabilit\u00e4t sowie \u00b7 zu weiteren administrativen Zwecken. Die Rechtsgrundlage f\u00fcr die Datenverarbeitung ist Art. 6 Abs. 1 S. 1 lit. f DSGVO. Unser berechtigtes Interesse folgt aus oben aufgelisteten Zwecken zur Datenerhebung. In keinem Fall verwenden wir die erhobenen Daten zu dem Zweck, R\u00fcckschl\u00fcsse auf Ihre Person zu ziehen.<\/p>\n<h3>Hosting<\/h3>\n<p>Wir hosten die Inhalte unserer Website bei: Strato AG, Otto-Ostrowski-Stra\u00dfe 7, 10249 Berlin (nachfolgend \u201eStrato\u201c). Wenn Sie unsere Website besuchen, erfasst Strato verschiedene Logfiles inklusive Ihrer IP-Adressen. Weitere Informationen entnehmen Sie der Datenschutzerkl\u00e4rung von Strato: <a href=\"https:\/\/www.strato.de\/datenschutz\/\" target=\"_blank\" rel=\"noopener noreferrer nofollow\">https:\/\/www.strato.de\/datenschutz\/<\/a>. Die Verwendung von Strato erfolgt auf Grundlage von Art. 6 Abs. 1 lit. f DSGVO. Wir haben ein berechtigtes Interesse an einer m\u00f6glichst zuverl\u00e4ssigen Darstellung unserer Website. Sofern eine entsprechende Einwilligung abgefragt wurde, erfolgt die Verarbeitung ausschlie\u00dflich auf Grundlage von Art. 6 Abs. 1 lit. a DSGVO und \u00a7 25 Abs. 1 TTDSG, soweit die Einwilligung die Speicherung von Cookies oder den Zugriff auf Informationen im Endger\u00e4t des Nutzers (z.\u00a0B. Device-Fingerprinting) im Sinne des TTDSG umfasst. Die Einwilligung ist jederzeit widerrufbar.<\/p>\n<h4>Auftragsverarbeitung<\/h4>\n<p>Wir haben einen Vertrag \u00fcber Auftragsverarbeitung (AVV) zur Nutzung des oben genannten Dienstes geschlossen. Hierbei handelt es sich um einen datenschutzrechtlich vorgeschriebenen Vertrag, der gew\u00e4hrleistet, dass dieser die personenbezogenen Daten unserer Websitebesucher nur nach unseren Weisungen und unter Einhaltung der DSGVO verarbeitet.<\/p>\n<h3 id=\"Cookies\">Cookies<\/h3>\n<p>Wir setzen auf unserer Website Cookies ein. Cookies sind kleine Textdateien, die automatisch im Browser auf Ihrem Endger\u00e4t (Rechner, Laptop, Tablet, Smartphone o. \u00e4.) gespeichert werden, wenn Sie unsere Webeiten besuchen. Die Cookie-Information wird von Ihrem Browser bei jedem weiteren Besuch unserer Website an unseren Server gesendet. Dies bedeutet jedoch nicht, dass wir dadurch unmittelbar Kenntnis von Ihrer Identit\u00e4t erhalten. Cookies dienen dazu, die Nutzung dieser Website f\u00fcr Sie angenehmer, effektiver und sicherer zu gestalten. Ihr Browser kann so eingestellt werden, dass Sie \u00fcber Cookies informiert werden und die Annahme von Cookies generell oder in Einzelf\u00e4llen erlauben oder generell ausschlie\u00dfen. Sie k\u00f6nnen Cookies \u00fcber Ihre Browsereinstellungen jederzeit l\u00f6schen. Bei der generellen Deaktivierung von Cookies kann die Funktionalit\u00e4t dieser Website eingeschr\u00e4nkt sein. Mittels der folgenden Einstellungen k\u00f6nnen Sie die Nutzung von Cookies f\u00fcr statistische Zwecke ein- oder ausschalten.<br \/>\n<div data-disabled_by_browser=\"Bitte aktiviere diese Funktion in Ihren Browsereinstellungen und lade die Seite neu.\" class=\"av-switch-aviaPrivacyGoogleTrackingDisabled av-toggle-switch av-cookie-disable-external-toggle av-cookie-save-unchecked av-cookie-default-unchecked\"><label><input type=\"checkbox\"  id=\"aviaPrivacyGoogleTrackingDisabled\" class=\"aviaPrivacyGoogleTrackingDisabled \" name=\"aviaPrivacyGoogleTrackingDisabled\" ><span class=\"toggle-track\"><\/span><span class=\"toggle-label-content\">Hier klicken, um Google Analytics zu aktivieren\/deaktivieren.<\/span><\/label><\/div><\/p>\n<h3 style=\"padding-top: 30px;\" data-fontsize=\"16\">Webstatistik<\/h3>\n<p>Wir nutzen das DSGVO-konforme Statistik-Plugin Burst um Besuche auszuwerten. <a href=\"https:\/\/burst-statistics.com\" target=\"_blank\" rel=\"noopener noreferrer nofollow\">burst-statistics.com<\/a><\/p>\n<h3 data-fontsize=\"16\">Kontaktaufnahme<\/h3>\n<p>Sofern Sie Anfragen \u00fcber unser Kontaktformular an uns richten ist die Angabe einer g\u00fcltigen E-Mail-Adresse erforderlich, damit wir wissen, von wem die Anfrage stammt und um diese beantworten zu k\u00f6nnen. Weitere Angaben k\u00f6nnen freiwillig get\u00e4tigt werden. Bei einer Kontaktaufnahme per Kontaktformular oder E-Mail werden Ihre angegebenen Daten nur zwecks Bearbeitung der Anfrage und f\u00fcr den Fall von Anschlussfragen gespeichert. Ihre Daten werden nicht an Dritte weitergegeben.<\/p>\n<h3 data-lineheight=\"24\" data-fontsize=\"16\">Datensicherheit<\/h3>\n<p>Wir verwenden innerhalb des Website-Besuchs das verbreitete SSL-Verfahren (Secure Socket Layer) zur Verschl\u00fcsselung. Ob eine einzelne Seite unseres Internetauftrittes verschl\u00fcsselt \u00fcbertragen wird, erkennen Sie an der geschlossenen Darstellung des Sch\u00fcssel- beziehungsweise Schloss-Symbols in der unteren Statusleiste Ihres Browsers. Wir bedienen uns im \u00dcbrigen geeigneter technischer und organisatorischer Sicherheitsma\u00dfnahmen, um Ihre Daten gegen zuf\u00e4llige oder vors\u00e4tzliche Manipulationen, teilweisen oder vollst\u00e4ndigen Verlust, Zerst\u00f6rung oder gegen den unbefugten Zugriff Dritter zu sch\u00fctzen. Unsere Sicherheitsma\u00dfnahmen werden entsprechend der technologischen Entwicklung fortlaufend verbessert.<\/p>\n<p><!-- derzeit keine Google Analytics Webanalyse\n\n\n\n\n\n\n<h3 data-lineheight=\"24\" data-fontsize=\"16\">Webanalyse - Einsatz und Verwendung von Google Analytics<\/h3>\n\n\n\n\n\n\nAuf den Webseiten von digitalrevolte.com ist die Komponente Google Analytics (mit Anonymisierungsfunktion) integriert. Google Analytics ist ein Web-Analyse-Dienst. Web-Analyse ist die Erhebung, Sammlung und Auswertung von Daten \u00fcber das Verhalten von Besuchern von Internetseiten. Ein Web-Analyse-Dienst erfasst unter anderem Daten dar\u00fcber, von welcher Internetseite eine betroffene Person auf eine Internetseite gekommen ist (sogenannte Referrer), auf welche Unterseiten der Internetseite zugegriffen oder wie oft und f\u00fcr welche Verweildauer eine Unterseite betrachtet wurde. Eine Web-Analyse wird \u00fcberwiegend zur Optimierung einer Internetseite und zur Kosten-Nutzen-Analyse von Internetwerbung eingesetzt.\nBetreibergesellschaft der Google-Analytics-Komponente ist die Google Inc., 1600 Amphitheatre Pkwy, Mountain View, CA 94043-1351, USA.\n\nEs wird f\u00fcr die Web-Analyse \u00fcber Google Analytics der Zusatz \u201e_gat._anonymizeIp\u201c verwendet. Mittels dieses Zusatzes wird die IP-Adresse des Internetanschlusses der betroffenen Person von Google gek\u00fcrzt und anonymisiert, wenn der Zugriff auf unsere Internetseiten aus einem Mitgliedstaat der Europ\u00e4ischen Union oder aus einem anderen Vertragsstaat des Abkommens \u00fcber den Europ\u00e4ischen Wirtschaftsraum erfolgt.\n\nDer Zweck der Google-Analytics-Komponente ist die Analyse der Besucherstr\u00f6me auf unserer Internetseite. Google nutzt die gewonnenen Daten und Informationen unter anderem dazu, die Nutzung unserer Internetseite auszuwerten, um f\u00fcr uns Online-Reports, welche die Aktivit\u00e4ten auf unseren Internetseiten aufzeigen, zusammenzustellen.\n\nGoogle Analytics setzt ein Cookie im Browser der betroffenen Person. Mit Setzung des Cookies wird Google eine Analyse der Benutzung unserer Internetseite erm\u00f6glicht. Durch jeden Aufruf einer der Einzelseiten dieser Internetseite und auf welcher eine Google-Analytics-Komponente integriert wurde, wird der Internetbrowser des Users automatisch durch die jeweilige Google-Analytics-Komponente veranlasst, Daten zum Zwecke der Online-Analyse an Google zu \u00fcbermitteln. Im Rahmen dieses technischen Verfahrens erh\u00e4lt Google Kenntnis \u00fcber personenbezogene Daten, wie der IP-Adresse der betroffenen Person, die Google unter anderem dazu dienen, die Herkunft der Besucher und Klicks nachzuvollziehen.\n\nMittels des Cookies werden personenbezogene Informationen, beispielsweise die Zugriffszeit, der Ort, von welchem ein Zugriff ausging und die H\u00e4ufigkeit der Besuche unserer Internetseite durch den User gespeichert. Bei jedem Besuch unserer Internetseiten werden diese personenbezogenen Daten, einschlie\u00dflich der IP-Adresse des von der betroffenen Person genutzten Internetanschlusses, an Google in den Vereinigten Staaten von Amerika \u00fcbertragen. Diese personenbezogenen Daten werden durch Google in den Vereinigten Staaten von Amerika gespeichert. Google gibt diese \u00fcber das technische Verfahren erhobenen personenbezogenen Daten unter Umst\u00e4nden an Dritte weiter.\n\nSie k\u00f6nnen die Setzung von Cookies durch unsere Internetseite jederzeit mittels einer entsprechenden Einstellung des genutzten Internetbrowsers verhindern und damit der Setzung von Cookies dauerhaft widersprechen. Eine solche Einstellung des genutzten Internetbrowsers w\u00fcrde auch verhindern, dass Google ein Cookie im Browser setzt. Zudem kann ein von Google Analytics bereits gesetzter Cookie jederzeit \u00fcber den Internetbrowser oder andere Softwareprogramme gel\u00f6scht werden.\n\nFerner besteht f\u00fcr Sie die M\u00f6glichkeit, einer Erfassung der durch Google Analytics erzeugten, auf eine Nutzung dieser Internetseite bezogenen Daten sowie der Verarbeitung dieser Daten durch Google zu widersprechen und eine solche zu verhindern. Hierzu m\u00fcssen Sie ein Browser-Add-On unter dem Link <a href=\"https:\/\/tools.google.com\/dlpage\/gaoptout\" target=\"_blank\" rel=\"noopener\">https:\/\/tools.google.com\/dlpage\/gaoptout<\/a> herunterladen und installieren. Dieses Browser-Add-On teilt Google Analytics \u00fcber JavaScript mit, dass keine Daten und Informationen zu den Besuchen von Internetseiten an Google Analytics \u00fcbermittelt werden d\u00fcrfen. Die Installation des Browser-Add-Ons wird von Google als Widerspruch gewertet.\n\nWeitere Informationen und die geltenden Datenschutzbestimmungen von Google k\u00f6nnen unter <a href=\"https:\/\/www.google.de\/intl\/de\/policies\/privacy\/\" target=\"_blank\" rel=\"noopener\">https:\/\/www.google.de\/intl\/de\/policies\/privacy\/<\/a> und unter http:\/\/www.google.com\/analytics\/terms\/de.html abgerufen werden. Google Analytics wird unter diesem Link <a href=\"https:\/\/www.google.com\/intl\/de_de\/analytics\/\" target=\"_blank\" rel=\"noopener\">https:\/\/www.google.com\/intl\/de_de\/analytics\/<\/a> genauer erl\u00e4utert.\n--><\/p>\n<h3 data-lineheight=\"24\" data-fontsize=\"16\">Ihre Rechte<\/h3>\n<p>Ihnen stehen grunds\u00e4tzlich die Rechte auf Auskunft, Berichtigung, L\u00f6schung, Einschr\u00e4nkung, Daten\u00fcbertragbarkeit, Widerruf und Widerspruch zu. Wenn Sie von einem dieser Rechte Gebrauch machen wollen, kontaktieren Sie uns gerne.<\/p>\n<h3 data-lineheight=\"24\" data-fontsize=\"16\">Verantwortlich f\u00fcr die Verarbeitung personenbezogener Daten:<\/h3>\n<p>Heiko Attinger Im Krausfeld 31 53111 Bonn Telefon: +49\u00a0228 446 40 318 E-Mail: kontakt {ad} heiko-attinger {pkt} de<\/p>\n<\/div><\/section><\/div><div class=\"flex_column av_one_third  flex_column_div av-zero-column-padding   avia-builder-el-2  el_after_av_two_third  el_before_av_one_third  \" style='border-radius:0px; '><section class=\"av_textblock_section \"  itemscope=\"itemscope\" itemtype=\"https:\/\/schema.org\/CreativeWork\" ><div class='avia_textblock  '   itemprop=\"text\" ><h2>KONTAKTFORMULAR<\/h2>\n\n<div class=\"wpcf7 no-js\" id=\"wpcf7-f2161-o1\" lang=\"de-DE\" dir=\"ltr\" data-wpcf7-id=\"2161\">\n<div class=\"screen-reader-response\"><p role=\"status\" aria-live=\"polite\" aria-atomic=\"true\"><\/p> <ul><\/ul><\/div>\n<form action=\"\/detailreich\/wp-json\/wp\/v2\/pages\/575#wpcf7-f2161-o1\" method=\"post\" class=\"wpcf7-form init\" aria-label=\"Kontaktformular\" novalidate=\"novalidate\" data-status=\"init\">\n<fieldset class=\"hidden-fields-container\"><input type=\"hidden\" name=\"_wpcf7\" value=\"2161\" \/><input type=\"hidden\" name=\"_wpcf7_version\" value=\"6.1.5\" \/><input type=\"hidden\" name=\"_wpcf7_locale\" value=\"de_DE\" \/><input type=\"hidden\" name=\"_wpcf7_unit_tag\" value=\"wpcf7-f2161-o1\" \/><input type=\"hidden\" name=\"_wpcf7_container_post\" value=\"0\" \/><input type=\"hidden\" name=\"_wpcf7_posted_data_hash\" value=\"\" \/>\n<\/fieldset>\n<div style=\"width:100%;\">\n\t<p><span class=\"wpcf7-form-control-wrap\" data-name=\"kontakt-name\"><input size=\"40\" maxlength=\"400\" class=\"wpcf7-form-control wpcf7-text wpcf7-validates-as-required\" aria-required=\"true\" aria-invalid=\"false\" placeholder=\"Dein Name\" value=\"\" type=\"text\" name=\"kontakt-name\" \/><\/span><span id=\"wpcf7-69fa2a18dcfa3-wrapper\" class=\"wpcf7-form-control-wrap kontakt-vorname-wrap\" style=\"display:none !important; visibility:hidden !important;\"><label for=\"wpcf7-69fa2a18dcfa3-field\" class=\"hp-message\">Bitte lasse dieses Feld leer.<\/label><input id=\"wpcf7-69fa2a18dcfa3-field\"  class=\"wpcf7-form-control wpcf7-text\" type=\"text\" name=\"kontakt-vorname\" value=\"\" size=\"40\" tabindex=\"-1\" autocomplete=\"new-password\" \/><\/span>\n\t<\/p>\n<\/div>\n<div style=\"width:100%;\">\n\t<p><span class=\"wpcf7-form-control-wrap\" data-name=\"kontakt-email\"><input size=\"40\" maxlength=\"400\" class=\"wpcf7-form-control wpcf7-email wpcf7-validates-as-required wpcf7-text wpcf7-validates-as-email\" aria-required=\"true\" aria-invalid=\"false\" placeholder=\"E-Mail Adresse\" value=\"\" type=\"email\" name=\"kontakt-email\" \/><\/span>\n\t<\/p>\n<\/div>\n<div style=\"width:100%;\">\n\t<p><span class=\"wpcf7-form-control-wrap\" data-name=\"kontakt-phone\"><input size=\"40\" maxlength=\"400\" class=\"wpcf7-form-control wpcf7-tel wpcf7-text wpcf7-validates-as-tel\" aria-invalid=\"false\" placeholder=\"Telefon (optional)\" value=\"\" type=\"tel\" name=\"kontakt-phone\" \/><\/span><span id=\"wpcf7-69fa2a18dd08a-wrapper\" class=\"wpcf7-form-control-wrap kontakt-mobil-wrap\" style=\"display:none !important; visibility:hidden !important;\"><label for=\"wpcf7-69fa2a18dd08a-field\" class=\"hp-message\">Bitte lasse dieses Feld leer.<\/label><input id=\"wpcf7-69fa2a18dd08a-field\"  class=\"wpcf7-form-control wpcf7-text\" type=\"text\" name=\"kontakt-mobil\" value=\"\" size=\"40\" tabindex=\"-1\" autocomplete=\"new-password\" \/><\/span>\n\t<\/p>\n<\/div>\n<div style=\"width:100%;\">\n\t<p>Was besch\u00e4ftigt dich?\n\t<\/p>\n\t<p><span class=\"wpcf7-form-control-wrap\" data-name=\"thema\"><input size=\"40\" maxlength=\"400\" class=\"wpcf7-form-control wpcf7-text\" aria-invalid=\"false\" value=\"\" type=\"text\" name=\"thema\" \/><\/span>\n\t<\/p>\n<\/div>\n<div style=\"width:100%;\">\n\t<p>Schreib mir gerne dein Feedback:\n\t<\/p>\n\t<p><span class=\"wpcf7-form-control-wrap\" data-name=\"feedback-nachricht\"><textarea cols=\"40\" rows=\"7\" maxlength=\"2000\" class=\"wpcf7-form-control wpcf7-textarea\" aria-invalid=\"false\" name=\"feedback-nachricht\"><\/textarea><\/span>\n\t<\/p>\n<\/div>\n<div style=\"width:100%;\">\n\t<p>Anti-Spam Check:\n\t<\/p>\n\t<p><span class=\"wpcf7-form-control-wrap\" data-name=\"quiz-707\"><label><span class=\"wpcf7-quiz-label\">Welcher gro\u00dfe Fluss flie\u00dft durch K\u00f6ln?<\/span> <input size=\"40\" class=\"wpcf7-form-control wpcf7-quiz\" autocomplete=\"off\" aria-required=\"true\" aria-invalid=\"false\" type=\"text\" name=\"quiz-707\" \/><\/label><input type=\"hidden\" name=\"_wpcf7_quiz_answer_quiz-707\" value=\"7d29db8318559fba0cd45a2053552f4d\" \/><\/span>\n\t<\/p>\n<\/div>\n<div style=\"padding: 0;\">\n\t<p><span class=\"wpcf7-form-control-wrap\" data-name=\"checkbox-data\"><span class=\"wpcf7-form-control wpcf7-checkbox wpcf7-validates-as-required\"><span class=\"wpcf7-list-item first last\"><label><input type=\"checkbox\" name=\"checkbox-data[]\" value=\"Mit den Datenschutzbestimmungen bin ich einverstanden.\" \/><span class=\"wpcf7-list-item-label\">Mit den Datenschutzbestimmungen bin ich einverstanden.<\/span><\/label><\/span><\/span><\/span>\n\t<\/p>\n<\/div>\n<p><input class=\"wpcf7-form-control wpcf7-submit has-spinner\" type=\"submit\" value=\"Senden\" \/>\n<\/p><div class=\"wpcf7-response-output\" aria-hidden=\"true\"><\/div>\n<\/form>\n<\/div>\n\n<\/div><\/section><\/div><\/p>\n<div class=\"flex_column av_one_third  flex_column_div av-zero-column-padding first  avia-builder-el-4  el_after_av_one_third  avia-builder-el-last  column-top-margin\" style='border-radius:0px; '><\/div>\n","protected":false},"excerpt":{"rendered":"","protected":false},"author":1,"featured_media":0,"parent":0,"menu_order":90,"comment_status":"closed","ping_status":"closed","template":"","meta":{"footnotes":""},"class_list":["post-575","page","type-page","status-publish","hentry"],"yoast_head":"<!-- This site is optimized with the Yoast SEO plugin v27.2 - https:\/\/yoast.com\/product\/yoast-seo-wordpress\/ -->\n<title>Datenschutz - detailreich. Inspiration by Heiko Attinger<\/title>\n<meta name=\"robots\" content=\"index, follow, max-snippet:-1, max-image-preview:large, max-video-preview:-1\" \/>\n<link rel=\"canonical\" href=\"https:\/\/heiko-attinger.de\/detailreich\/datenschutz\/\" \/>\n<meta property=\"og:locale\" content=\"de_DE\" \/>\n<meta property=\"og:type\" content=\"article\" \/>\n<meta property=\"og:title\" content=\"Datenschutz - detailreich. Inspiration by Heiko Attinger\" \/>\n<meta property=\"og:url\" content=\"https:\/\/heiko-attinger.de\/detailreich\/datenschutz\/\" \/>\n<meta property=\"og:site_name\" content=\"detailreich. Inspiration by Heiko Attinger\" \/>\n<meta property=\"article:publisher\" content=\"https:\/\/www.facebook.com\/heiko.attinger\/\" \/>\n<meta property=\"article:modified_time\" content=\"2026-03-29T13:14:32+00:00\" \/>\n<meta property=\"og:image\" content=\"https:\/\/heiko-attinger.de\/detailreich\/wp-content\/uploads\/2023\/06\/detailreich-blog-by-heiko-attinger.jpg\" \/>\n\t<meta property=\"og:image:width\" content=\"1200\" \/>\n\t<meta property=\"og:image:height\" content=\"675\" \/>\n\t<meta property=\"og:image:type\" content=\"image\/jpeg\" \/>\n<meta name=\"twitter:card\" content=\"summary_large_image\" \/>\n<script type=\"application\/ld+json\" class=\"yoast-schema-graph\">{\"@context\":\"https:\/\/schema.org\",\"@graph\":[{\"@type\":\"WebPage\",\"@id\":\"https:\/\/heiko-attinger.de\/detailreich\/datenschutz\/\",\"url\":\"https:\/\/heiko-attinger.de\/detailreich\/datenschutz\/\",\"name\":\"Datenschutz - detailreich. Inspiration by Heiko Attinger\",\"isPartOf\":{\"@id\":\"https:\/\/heiko-attinger.de\/detailreich\/#website\"},\"datePublished\":\"2018-03-13T17:03:32+00:00\",\"dateModified\":\"2026-03-29T13:14:32+00:00\",\"breadcrumb\":{\"@id\":\"https:\/\/heiko-attinger.de\/detailreich\/datenschutz\/#breadcrumb\"},\"inLanguage\":\"de\",\"potentialAction\":[{\"@type\":\"ReadAction\",\"target\":[\"https:\/\/heiko-attinger.de\/detailreich\/datenschutz\/\"]}]},{\"@type\":\"BreadcrumbList\",\"@id\":\"https:\/\/heiko-attinger.de\/detailreich\/datenschutz\/#breadcrumb\",\"itemListElement\":[{\"@type\":\"ListItem\",\"position\":1,\"name\":\"Startseite\",\"item\":\"https:\/\/heiko-attinger.de\/detailreich\/\"},{\"@type\":\"ListItem\",\"position\":2,\"name\":\"Datenschutz\"}]},{\"@type\":\"WebSite\",\"@id\":\"https:\/\/heiko-attinger.de\/detailreich\/#website\",\"url\":\"https:\/\/heiko-attinger.de\/detailreich\/\",\"name\":\"detailreich. Inspiration by Heiko Attinger\",\"description\":\"Blog rund um aktuelle Themen, Paradigmen, Hintergr\u00fcnde, Visionen, Strategien\",\"publisher\":{\"@id\":\"https:\/\/heiko-attinger.de\/detailreich\/#organization\"},\"potentialAction\":[{\"@type\":\"SearchAction\",\"target\":{\"@type\":\"EntryPoint\",\"urlTemplate\":\"https:\/\/heiko-attinger.de\/detailreich\/?s={search_term_string}\"},\"query-input\":{\"@type\":\"PropertyValueSpecification\",\"valueRequired\":true,\"valueName\":\"search_term_string\"}}],\"inLanguage\":\"de\"},{\"@type\":\"Organization\",\"@id\":\"https:\/\/heiko-attinger.de\/detailreich\/#organization\",\"name\":\"detailreich. Blog by Heiko Attinger\",\"url\":\"https:\/\/heiko-attinger.de\/detailreich\/\",\"logo\":{\"@type\":\"ImageObject\",\"inLanguage\":\"de\",\"@id\":\"https:\/\/heiko-attinger.de\/detailreich\/#\/schema\/logo\/image\/\",\"url\":\"https:\/\/detailreich.heiko-attinger.de\/wp-content\/uploads\/2021\/03\/detailreich-icon.png\",\"contentUrl\":\"https:\/\/detailreich.heiko-attinger.de\/wp-content\/uploads\/2021\/03\/detailreich-icon.png\",\"width\":512,\"height\":512,\"caption\":\"detailreich. Blog by Heiko Attinger\"},\"image\":{\"@id\":\"https:\/\/heiko-attinger.de\/detailreich\/#\/schema\/logo\/image\/\"},\"sameAs\":[\"https:\/\/www.facebook.com\/heiko.attinger\/\"]}]}<\/script>\n<!-- \/ Yoast SEO plugin. -->","yoast_head_json":{"title":"Datenschutz - detailreich. Inspiration by Heiko Attinger","robots":{"index":"index","follow":"follow","max-snippet":"max-snippet:-1","max-image-preview":"max-image-preview:large","max-video-preview":"max-video-preview:-1"},"canonical":"https:\/\/heiko-attinger.de\/detailreich\/datenschutz\/","og_locale":"de_DE","og_type":"article","og_title":"Datenschutz - detailreich. Inspiration by Heiko Attinger","og_url":"https:\/\/heiko-attinger.de\/detailreich\/datenschutz\/","og_site_name":"detailreich. Inspiration by Heiko Attinger","article_publisher":"https:\/\/www.facebook.com\/heiko.attinger\/","article_modified_time":"2026-03-29T13:14:32+00:00","og_image":[{"width":1200,"height":675,"url":"https:\/\/heiko-attinger.de\/detailreich\/wp-content\/uploads\/2023\/06\/detailreich-blog-by-heiko-attinger.jpg","type":"image\/jpeg"}],"twitter_card":"summary_large_image","schema":{"@context":"https:\/\/schema.org","@graph":[{"@type":"WebPage","@id":"https:\/\/heiko-attinger.de\/detailreich\/datenschutz\/","url":"https:\/\/heiko-attinger.de\/detailreich\/datenschutz\/","name":"Datenschutz - detailreich. Inspiration by Heiko Attinger","isPartOf":{"@id":"https:\/\/heiko-attinger.de\/detailreich\/#website"},"datePublished":"2018-03-13T17:03:32+00:00","dateModified":"2026-03-29T13:14:32+00:00","breadcrumb":{"@id":"https:\/\/heiko-attinger.de\/detailreich\/datenschutz\/#breadcrumb"},"inLanguage":"de","potentialAction":[{"@type":"ReadAction","target":["https:\/\/heiko-attinger.de\/detailreich\/datenschutz\/"]}]},{"@type":"BreadcrumbList","@id":"https:\/\/heiko-attinger.de\/detailreich\/datenschutz\/#breadcrumb","itemListElement":[{"@type":"ListItem","position":1,"name":"Startseite","item":"https:\/\/heiko-attinger.de\/detailreich\/"},{"@type":"ListItem","position":2,"name":"Datenschutz"}]},{"@type":"WebSite","@id":"https:\/\/heiko-attinger.de\/detailreich\/#website","url":"https:\/\/heiko-attinger.de\/detailreich\/","name":"detailreich. Inspiration by Heiko Attinger","description":"Blog rund um aktuelle Themen, Paradigmen, Hintergr\u00fcnde, Visionen, Strategien","publisher":{"@id":"https:\/\/heiko-attinger.de\/detailreich\/#organization"},"potentialAction":[{"@type":"SearchAction","target":{"@type":"EntryPoint","urlTemplate":"https:\/\/heiko-attinger.de\/detailreich\/?s={search_term_string}"},"query-input":{"@type":"PropertyValueSpecification","valueRequired":true,"valueName":"search_term_string"}}],"inLanguage":"de"},{"@type":"Organization","@id":"https:\/\/heiko-attinger.de\/detailreich\/#organization","name":"detailreich. Blog by Heiko Attinger","url":"https:\/\/heiko-attinger.de\/detailreich\/","logo":{"@type":"ImageObject","inLanguage":"de","@id":"https:\/\/heiko-attinger.de\/detailreich\/#\/schema\/logo\/image\/","url":"https:\/\/detailreich.heiko-attinger.de\/wp-content\/uploads\/2021\/03\/detailreich-icon.png","contentUrl":"https:\/\/detailreich.heiko-attinger.de\/wp-content\/uploads\/2021\/03\/detailreich-icon.png","width":512,"height":512,"caption":"detailreich. Blog by Heiko Attinger"},"image":{"@id":"https:\/\/heiko-attinger.de\/detailreich\/#\/schema\/logo\/image\/"},"sameAs":["https:\/\/www.facebook.com\/heiko.attinger\/"]}]}},"_links":{"self":[{"href":"https:\/\/heiko-attinger.de\/detailreich\/wp-json\/wp\/v2\/pages\/575","targetHints":{"allow":["GET"]}}],"collection":[{"href":"https:\/\/heiko-attinger.de\/detailreich\/wp-json\/wp\/v2\/pages"}],"about":[{"href":"https:\/\/heiko-attinger.de\/detailreich\/wp-json\/wp\/v2\/types\/page"}],"author":[{"embeddable":true,"href":"https:\/\/heiko-attinger.de\/detailreich\/wp-json\/wp\/v2\/users\/1"}],"replies":[{"embeddable":true,"href":"https:\/\/heiko-attinger.de\/detailreich\/wp-json\/wp\/v2\/comments?post=575"}],"version-history":[{"count":12,"href":"https:\/\/heiko-attinger.de\/detailreich\/wp-json\/wp\/v2\/pages\/575\/revisions"}],"predecessor-version":[{"id":2401,"href":"https:\/\/heiko-attinger.de\/detailreich\/wp-json\/wp\/v2\/pages\/575\/revisions\/2401"}],"wp:attachment":[{"href":"https:\/\/heiko-attinger.de\/detailreich\/wp-json\/wp\/v2\/media?parent=575"}],"curies":[{"name":"wp","href":"https:\/\/api.w.org\/{rel}","templated":true}]}}